{"id":583,"date":"2024-10-15T14:51:26","date_gmt":"2024-10-15T14:51:26","guid":{"rendered":"https:\/\/www.labormed.si\/plasticna-kirurgija\/mentor-copy\/"},"modified":"2024-11-04T11:59:32","modified_gmt":"2024-11-04T11:59:32","slug":"moller-medical","status":"publish","type":"page","link":"https:\/\/www.labormed.si\/en\/plasticna-kirurgija\/moller-medical\/","title":{"rendered":"M\u00f6ller Medical"},"content":{"rendered":"<div data-elementor-type=\"wp-page\" data-elementor-id=\"583\" class=\"elementor elementor-583\" data-elementor-post-type=\"page\">\n\t\t\t\t<div class=\"elementor-element elementor-element-abd8dd2 e-con-full e-flex e-con e-parent\" data-id=\"abd8dd2\" data-element_type=\"container\" data-settings=\"{&quot;background_background&quot;:&quot;classic&quot;}\">\n\t\t<div class=\"elementor-element elementor-element-e045277 e-con-full e-flex e-con e-child\" data-id=\"e045277\" data-element_type=\"container\">\n\t\t\t\t<div class=\"elementor-element elementor-element-4824d96 elementor-absolute elementor-widget elementor-widget-image\" data-id=\"4824d96\" data-element_type=\"widget\" data-settings=\"{&quot;_position&quot;:&quot;absolute&quot;}\" data-widget_type=\"image.default\">\n\t\t\t\t<div class=\"elementor-widget-container\">\n\t\t\t\t\t\t\t\t\t\t\t\t\t\t\t<img fetchpriority=\"high\" decoding=\"async\" width=\"800\" height=\"800\" src=\"https:\/\/www.labormed.si\/wp-content\/uploads\/2024\/10\/Ellipse-1-1.svg\" class=\"attachment-large size-large wp-image-217\" alt=\"Ozadje Labormed\" \/>\t\t\t\t\t\t\t\t\t\t\t\t\t\t\t<\/div>\n\t\t\t\t<\/div>\n\t\t\t\t<div class=\"elementor-element elementor-element-59d49d1 elementor-invisible elementor-widget elementor-widget-image\" data-id=\"59d49d1\" data-element_type=\"widget\" data-settings=\"{&quot;_animation&quot;:&quot;fadeInUp&quot;,&quot;_animation_delay&quot;:200}\" data-widget_type=\"image.default\">\n\t\t\t\t<div class=\"elementor-widget-container\">\n\t\t\t\t\t\t\t\t\t\t\t\t\t\t\t<img decoding=\"async\" width=\"400\" height=\"332\" src=\"https:\/\/www.labormed.si\/wp-content\/uploads\/2024\/10\/Moeller_Logo_RGB_blue_black-1024x850-1.png\" class=\"attachment-large size-large wp-image-345\" alt=\"Moller medical logo\" srcset=\"https:\/\/www.labormed.si\/wp-content\/uploads\/2024\/10\/Moeller_Logo_RGB_blue_black-1024x850-1.png 400w, https:\/\/www.labormed.si\/wp-content\/uploads\/2024\/10\/Moeller_Logo_RGB_blue_black-1024x850-1-300x249.png 300w\" sizes=\"(max-width: 400px) 100vw, 400px\" \/>\t\t\t\t\t\t\t\t\t\t\t\t\t\t\t<\/div>\n\t\t\t\t<\/div>\n\t\t\t\t<div class=\"elementor-element elementor-element-2ff73f6 elementor-invisible elementor-widget elementor-widget-heading\" data-id=\"2ff73f6\" data-element_type=\"widget\" data-settings=\"{&quot;_animation&quot;:&quot;fadeInUp&quot;}\" data-widget_type=\"heading.default\">\n\t\t\t\t<div class=\"elementor-widget-container\">\n\t\t\t\t\t<h2 class=\"elementor-heading-title elementor-size-default\">Sistem for<br>liposuction<\/h2>\t\t\t\t<\/div>\n\t\t\t\t<\/div>\n\t\t\t\t<div class=\"elementor-element elementor-element-37991e0 elementor-invisible elementor-widget elementor-widget-text-editor\" data-id=\"37991e0\" data-element_type=\"widget\" data-settings=\"{&quot;_animation&quot;:&quot;fadeInUp&quot;,&quot;_animation_delay&quot;:400}\" data-widget_type=\"text-editor.default\">\n\t\t\t\t<div class=\"elementor-widget-container\">\n\t\t\t\t\t\t\t\t\t<span style=\"color: black;\">M\u00f6ller Medical<\/span> liposuction system ensures precise fat removal, quick recovery, and reliable results in aesthetic procedures.\t\t\t\t\t\t\t\t<\/div>\n\t\t\t\t<\/div>\n\t\t\t\t<div class=\"elementor-element elementor-element-6cc5317 elementor-align-left elementor-mobile-align-justify elementor-invisible elementor-widget elementor-widget-button\" data-id=\"6cc5317\" data-element_type=\"widget\" data-settings=\"{&quot;_animation&quot;:&quot;fadeInUp&quot;,&quot;_animation_delay&quot;:600}\" data-widget_type=\"button.default\">\n\t\t\t\t<div class=\"elementor-widget-container\">\n\t\t\t\t\t\t\t\t\t<div class=\"elementor-button-wrapper\">\n\t\t\t\t\t<a class=\"elementor-button elementor-button-link elementor-size-sm elementor-animation-grow\" href=\"https:\/\/www.labormed.si\/wp-content\/uploads\/2024\/10\/Aesthtics_Solutions_Brochure_Final_Web.pdf\" target=\"_blank\">\n\t\t\t\t\t\t<span class=\"elementor-button-content-wrapper\">\n\t\t\t\t\t\t<span class=\"elementor-button-icon\">\n\t\t\t\t<svg xmlns=\"http:\/\/www.w3.org\/2000\/svg\" width=\"25\" height=\"24\" viewbox=\"0 0 25 24\" fill=\"none\"><path d=\"M14.5 2.26953V6.40007C14.5 6.96012 14.5 7.24015 14.609 7.45406C14.7049 7.64222 14.8578 7.7952 15.046 7.89108C15.2599 8.00007 15.5399 8.00007 16.1 8.00007H20.2305M16.5 13H8.5M16.5 17H8.5M10.5 9H8.5M14.5 2H9.3C7.61984 2 6.77976 2 6.13803 2.32698C5.57354 2.6146 5.1146 3.07354 4.82698 3.63803C4.5 4.27976 4.5 5.11984 4.5 6.8V17.2C4.5 18.8802 4.5 19.7202 4.82698 20.362C5.1146 20.9265 5.57354 21.3854 6.13803 21.673C6.77976 22 7.61984 22 9.3 22H15.7C17.3802 22 18.2202 22 18.862 21.673C19.4265 21.3854 19.8854 20.9265 20.173 20.362C20.5 19.7202 20.5 18.8802 20.5 17.2V8L14.5 2Z\" stroke=\"white\" stroke-width=\"2\" stroke-linecap=\"round\" stroke-linejoin=\"round\"><\/path><\/svg>\t\t\t<\/span>\n\t\t\t\t\t\t\t\t\t<span class=\"elementor-button-text\">Download brochure<\/span>\n\t\t\t\t\t<\/span>\n\t\t\t\t\t<\/a>\n\t\t\t\t<\/div>\n\t\t\t\t\t\t\t\t<\/div>\n\t\t\t\t<\/div>\n\t\t\t\t<\/div>\n\t\t<div class=\"elementor-element elementor-element-26a8ce4 e-con-full e-flex e-con e-child\" data-id=\"26a8ce4\" data-element_type=\"container\" data-settings=\"{&quot;background_background&quot;:&quot;classic&quot;}\">\n\t\t\t\t<div class=\"elementor-element elementor-element-b973cc9 elementor-widget elementor-widget-image\" data-id=\"b973cc9\" data-element_type=\"widget\" data-widget_type=\"image.default\">\n\t\t\t\t<div class=\"elementor-widget-container\">\n\t\t\t\t\t\t\t\t\t\t\t\t\t\t\t<img decoding=\"async\" width=\"800\" height=\"534\" src=\"https:\/\/www.labormed.si\/wp-content\/uploads\/2024\/10\/2021-03-05-familienportrait-lipos-20-02-1024x684.jpg\" class=\"attachment-large size-large wp-image-585\" alt=\"Moller medical plasti\u010dna kirurgija\" srcset=\"https:\/\/www.labormed.si\/wp-content\/uploads\/2024\/10\/2021-03-05-familienportrait-lipos-20-02-1024x684.jpg 1024w, https:\/\/www.labormed.si\/wp-content\/uploads\/2024\/10\/2021-03-05-familienportrait-lipos-20-02-300x201.jpg 300w, https:\/\/www.labormed.si\/wp-content\/uploads\/2024\/10\/2021-03-05-familienportrait-lipos-20-02-768x513.jpg 768w, https:\/\/www.labormed.si\/wp-content\/uploads\/2024\/10\/2021-03-05-familienportrait-lipos-20-02-1536x1027.jpg 1536w, https:\/\/www.labormed.si\/wp-content\/uploads\/2024\/10\/2021-03-05-familienportrait-lipos-20-02.jpg 1571w\" sizes=\"(max-width: 800px) 100vw, 800px\" \/>\t\t\t\t\t\t\t\t\t\t\t\t\t\t\t<\/div>\n\t\t\t\t<\/div>\n\t\t\t\t<\/div>\n\t\t\t\t<\/div>\n\t\t<div class=\"elementor-element elementor-element-104fab4e e-flex e-con-boxed e-con e-parent\" data-id=\"104fab4e\" data-element_type=\"container\" data-settings=\"{&quot;background_background&quot;:&quot;classic&quot;}\">\n\t\t\t\t\t<div class=\"e-con-inner\">\n\t\t\t\t<div class=\"elementor-element elementor-element-065d212 elementor-widget elementor-widget-heading\" data-id=\"065d212\" data-element_type=\"widget\" data-widget_type=\"heading.default\">\n\t\t\t\t<div class=\"elementor-widget-container\">\n\t\t\t\t\t<h2 class=\"elementor-heading-title elementor-size-default\">About company<\/h2>\t\t\t\t<\/div>\n\t\t\t\t<\/div>\n\t\t\t\t<div class=\"elementor-element elementor-element-e2bc64f elementor-widget elementor-widget-heading\" data-id=\"e2bc64f\" data-element_type=\"widget\" data-widget_type=\"heading.default\">\n\t\t\t\t<div class=\"elementor-widget-container\">\n\t\t\t\t\t<h2 class=\"elementor-heading-title elementor-size-default\">M\u00f6ller Medical<\/h2>\t\t\t\t<\/div>\n\t\t\t\t<\/div>\n\t\t\t\t<div class=\"elementor-element elementor-element-e826c64 elementor-widget elementor-widget-text-editor\" data-id=\"e826c64\" data-element_type=\"widget\" data-widget_type=\"text-editor.default\">\n\t\t\t\t<div class=\"elementor-widget-container\">\n\t\t\t\t\t\t\t\t\tM\u00f6ller Medical is a leading company in medical technology, known for innovative solutions in aesthetic surgery, intensive care, and other medical procedures. With a focus on reliability, precision, and safety, it has earned the trust of professionals worldwide. Through continuous investment in research, it ensures top-tier technological solutions.\t\t\t\t\t\t\t\t<\/div>\n\t\t\t\t<\/div>\n\t\t\t\t\t<\/div>\n\t\t\t\t<\/div>\n\t\t<div class=\"elementor-element elementor-element-6036dd0 e-con-full e-flex e-con e-parent\" data-id=\"6036dd0\" data-element_type=\"container\">\n\t\t<div class=\"elementor-element elementor-element-7cc0d59 e-flex e-con-boxed e-con e-child\" data-id=\"7cc0d59\" data-element_type=\"container\" data-settings=\"{&quot;background_background&quot;:&quot;video&quot;,&quot;background_video_link&quot;:&quot;https:\\\/\\\/www.youtube.com\\\/watch?v=VVwru_cBwh0&quot;,&quot;background_play_on_mobile&quot;:&quot;yes&quot;}\">\n\t\t\t\t\t<div class=\"e-con-inner\">\n\t\t<div class=\"elementor-background-video-container\">\n\t\t\t\t\t\t\t<div class=\"elementor-background-video-embed\" role=\"presentation\"><\/div>\n\t\t\t\t\t\t<\/div>\t\t<div class=\"elementor-element elementor-element-45747e9 elementor-align-center elementor-widget elementor-widget-button\" data-id=\"45747e9\" data-element_type=\"widget\" data-widget_type=\"button.default\">\n\t\t\t\t<div class=\"elementor-widget-container\">\n\t\t\t\t\t\t\t\t\t<div class=\"elementor-button-wrapper\">\n\t\t\t\t\t<a class=\"elementor-button elementor-button-link elementor-size-sm elementor-animation-grow\" href=\"https:\/\/www.youtube.com\/watch?v=VVwru_cBwh0\">\n\t\t\t\t\t\t<span class=\"elementor-button-content-wrapper\">\n\t\t\t\t\t\t<span class=\"elementor-button-icon\">\n\t\t\t\t<svg aria-hidden=\"true\" class=\"e-font-icon-svg e-far-play-circle\" viewbox=\"0 0 512 512\" xmlns=\"http:\/\/www.w3.org\/2000\/svg\"><path d=\"M371.7 238l-176-107c-15.8-8.8-35.7 2.5-35.7 21v208c0 18.4 19.8 29.8 35.7 21l176-101c16.4-9.1 16.4-32.8 0-42zM504 256C504 119 393 8 256 8S8 119 8 256s111 248 248 248 248-111 248-248zm-448 0c0-110.5 89.5-200 200-200s200 89.5 200 200-89.5 200-200 200S56 366.5 56 256z\"><\/path><\/svg>\t\t\t<\/span>\n\t\t\t\t\t\t\t\t\t<span class=\"elementor-button-text\">View video<\/span>\n\t\t\t\t\t<\/span>\n\t\t\t\t\t<\/a>\n\t\t\t\t<\/div>\n\t\t\t\t\t\t\t\t<\/div>\n\t\t\t\t<\/div>\n\t\t\t\t\t<\/div>\n\t\t\t\t<\/div>\n\t\t\t\t<\/div>\n\t\t<div class=\"elementor-element elementor-element-c1dec03 e-con-full e-flex e-con e-parent\" data-id=\"c1dec03\" data-element_type=\"container\">\n\t\t<div class=\"elementor-element elementor-element-5343856 e-flex e-con-boxed e-con e-child\" data-id=\"5343856\" data-element_type=\"container\" data-settings=\"{&quot;background_background&quot;:&quot;classic&quot;}\">\n\t\t\t\t\t<div class=\"e-con-inner\">\n\t\t\t\t<div class=\"elementor-element elementor-element-229cf56 elementor-widget elementor-widget-heading\" data-id=\"229cf56\" data-element_type=\"widget\" data-widget_type=\"heading.default\">\n\t\t\t\t<div class=\"elementor-widget-container\">\n\t\t\t\t\t<h2 class=\"elementor-heading-title elementor-size-default\">Advanced solutions from M\u00f6ller Medical<\/h2>\t\t\t\t<\/div>\n\t\t\t\t<\/div>\n\t\t\t\t<div class=\"elementor-element elementor-element-83a5a9e elementor-widget elementor-widget-text-editor\" data-id=\"83a5a9e\" data-element_type=\"widget\" data-widget_type=\"text-editor.default\">\n\t\t\t\t<div class=\"elementor-widget-container\">\n\t\t\t\t\t\t\t\t\tChoose medical devices that ensure precision, safety, and reliability in aesthetic surgery and other fields. Download the brochure and see how M\u00f6ller Medical can help you improve your results.\t\t\t\t\t\t\t\t<\/div>\n\t\t\t\t<\/div>\n\t\t<div class=\"elementor-element elementor-element-76621a1 e-grid e-con-full e-con e-child\" data-id=\"76621a1\" data-element_type=\"container\">\n\t\t\t\t<div class=\"elementor-element elementor-element-72c1d3f elementor-align-right elementor-mobile-align-justify elementor-widget elementor-widget-button\" data-id=\"72c1d3f\" data-element_type=\"widget\" data-widget_type=\"button.default\">\n\t\t\t\t<div class=\"elementor-widget-container\">\n\t\t\t\t\t\t\t\t\t<div class=\"elementor-button-wrapper\">\n\t\t\t\t\t<a class=\"elementor-button elementor-button-link elementor-size-sm elementor-animation-grow\" href=\"https:\/\/www.labormed.si\/wp-content\/uploads\/2024\/10\/Aesthtics_Solutions_Brochure_Final_Web.pdf\" target=\"_blank\">\n\t\t\t\t\t\t<span class=\"elementor-button-content-wrapper\">\n\t\t\t\t\t\t<span class=\"elementor-button-icon\">\n\t\t\t\t<svg xmlns=\"http:\/\/www.w3.org\/2000\/svg\" width=\"25\" height=\"24\" viewbox=\"0 0 25 24\" fill=\"none\"><path d=\"M14.5 2.26953V6.40007C14.5 6.96012 14.5 7.24015 14.609 7.45406C14.7049 7.64222 14.8578 7.7952 15.046 7.89108C15.2599 8.00007 15.5399 8.00007 16.1 8.00007H20.2305M16.5 13H8.5M16.5 17H8.5M10.5 9H8.5M14.5 2H9.3C7.61984 2 6.77976 2 6.13803 2.32698C5.57354 2.6146 5.1146 3.07354 4.82698 3.63803C4.5 4.27976 4.5 5.11984 4.5 6.8V17.2C4.5 18.8802 4.5 19.7202 4.82698 20.362C5.1146 20.9265 5.57354 21.3854 6.13803 21.673C6.77976 22 7.61984 22 9.3 22H15.7C17.3802 22 18.2202 22 18.862 21.673C19.4265 21.3854 19.8854 20.9265 20.173 20.362C20.5 19.7202 20.5 18.8802 20.5 17.2V8L14.5 2Z\" stroke=\"white\" stroke-width=\"2\" stroke-linecap=\"round\" stroke-linejoin=\"round\"><\/path><\/svg>\t\t\t<\/span>\n\t\t\t\t\t\t\t\t\t<span class=\"elementor-button-text\">Download brochure<\/span>\n\t\t\t\t\t<\/span>\n\t\t\t\t\t<\/a>\n\t\t\t\t<\/div>\n\t\t\t\t\t\t\t\t<\/div>\n\t\t\t\t<\/div>\n\t\t\t\t<div class=\"elementor-element elementor-element-30a04612 elementor-align-left elementor-mobile-align-justify elementor-widget elementor-widget-button\" data-id=\"30a04612\" data-element_type=\"widget\" data-widget_type=\"button.default\">\n\t\t\t\t<div class=\"elementor-widget-container\">\n\t\t\t\t\t\t\t\t\t<div class=\"elementor-button-wrapper\">\n\t\t\t\t\t<a class=\"elementor-button elementor-button-link elementor-size-sm elementor-animation-grow\" href=\"https:\/\/www.labormed.si\/wp-content\/uploads\/2024\/10\/Aesthetic_cannula_J_web.pdf\" target=\"_blank\">\n\t\t\t\t\t\t<span class=\"elementor-button-content-wrapper\">\n\t\t\t\t\t\t<span class=\"elementor-button-icon\">\n\t\t\t\t<svg xmlns=\"http:\/\/www.w3.org\/2000\/svg\" width=\"25\" height=\"24\" viewbox=\"0 0 25 24\" fill=\"none\"><path d=\"M14.5 2.26953V6.40007C14.5 6.96012 14.5 7.24015 14.609 7.45406C14.7049 7.64222 14.8578 7.7952 15.046 7.89108C15.2599 8.00007 15.5399 8.00007 16.1 8.00007H20.2305M16.5 13H8.5M16.5 17H8.5M10.5 9H8.5M14.5 2H9.3C7.61984 2 6.77976 2 6.13803 2.32698C5.57354 2.6146 5.1146 3.07354 4.82698 3.63803C4.5 4.27976 4.5 5.11984 4.5 6.8V17.2C4.5 18.8802 4.5 19.7202 4.82698 20.362C5.1146 20.9265 5.57354 21.3854 6.13803 21.673C6.77976 22 7.61984 22 9.3 22H15.7C17.3802 22 18.2202 22 18.862 21.673C19.4265 21.3854 19.8854 20.9265 20.173 20.362C20.5 19.7202 20.5 18.8802 20.5 17.2V8L14.5 2Z\" stroke=\"#344054\" stroke-width=\"2\" stroke-linecap=\"round\" stroke-linejoin=\"round\"><\/path><\/svg>\t\t\t<\/span>\n\t\t\t\t\t\t\t\t\t<span class=\"elementor-button-text\">Aesthetic Cannulas <\/span>\n\t\t\t\t\t<\/span>\n\t\t\t\t\t<\/a>\n\t\t\t\t<\/div>\n\t\t\t\t\t\t\t\t<\/div>\n\t\t\t\t<\/div>\n\t\t\t\t<\/div>\n\t\t\t\t\t<\/div>\n\t\t\t\t<\/div>\n\t\t\t\t<\/div>\n\t\t<div class=\"elementor-element elementor-element-53cce7d e-con-full e-flex e-con e-parent\" data-id=\"53cce7d\" data-element_type=\"container\" data-settings=\"{&quot;background_background&quot;:&quot;classic&quot;}\">\n\t\t<div class=\"elementor-element elementor-element-a8bdc9c e-con-full e-flex e-con e-child\" data-id=\"a8bdc9c\" data-element_type=\"container\" data-settings=\"{&quot;background_background&quot;:&quot;classic&quot;}\">\n\t\t\t\t<div class=\"elementor-element elementor-element-238489b elementor-widget elementor-widget-google_maps\" data-id=\"238489b\" data-element_type=\"widget\" data-widget_type=\"google_maps.default\">\n\t\t\t\t<div class=\"elementor-widget-container\">\n\t\t\t\t\t\t\t<div class=\"elementor-custom-embed\">\n\t\t\t<iframe loading=\"lazy\"\n\t\t\t\t\tsrc=\"https:\/\/maps.google.com\/maps?q=Peri%C4%8Deva%20ulica%2029&#038;t=m&#038;z=13&#038;output=embed&#038;iwloc=near\"\n\t\t\t\t\ttitle=\"Peri\u010deva ulica 29\"\n\t\t\t\t\taria-label=\"Peri\u010deva ulica 29\"\n\t\t\t><\/iframe>\n\t\t<\/div>\n\t\t\t\t\t\t<\/div>\n\t\t\t\t<\/div>\n\t\t\t\t<\/div>\n\t\t<div class=\"elementor-element elementor-element-01007f1 e-con-full e-flex e-con e-child\" data-id=\"01007f1\" data-element_type=\"container\">\n\t\t\t\t<div class=\"elementor-element elementor-element-b166312 elementor-widget elementor-widget-heading\" data-id=\"b166312\" data-element_type=\"widget\" data-widget_type=\"heading.default\">\n\t\t\t\t<div class=\"elementor-widget-container\">\n\t\t\t\t\t<h2 class=\"elementor-heading-title elementor-size-default\">Send an enquiry<\/h2>\t\t\t\t<\/div>\n\t\t\t\t<\/div>\n\t\t\t\t<div class=\"elementor-element elementor-element-349bb70 elementor-tablet-button-align-stretch elementor-mobile-button-align-stretch elementor-button-align-stretch elementor-widget elementor-widget-form\" data-id=\"349bb70\" data-element_type=\"widget\" data-settings=\"{&quot;step_next_label&quot;:&quot;Next&quot;,&quot;step_previous_label&quot;:&quot;Previous&quot;,&quot;button_width&quot;:&quot;100&quot;,&quot;step_type&quot;:&quot;number_text&quot;,&quot;step_icon_shape&quot;:&quot;circle&quot;}\" data-widget_type=\"form.default\">\n\t\t\t\t<div class=\"elementor-widget-container\">\n\t\t\t\t\t\t\t<form class=\"elementor-form\" method=\"post\" name=\"Contact Form\" aria-label=\"Contact Form\" action=\"\">\n\t\t\t<input type=\"hidden\" name=\"post_id\" value=\"583\"\/>\n\t\t\t<input type=\"hidden\" name=\"form_id\" value=\"349bb70\"\/>\n\t\t\t<input type=\"hidden\" name=\"referer_title\" value=\"M\u00f6ller Medical\" \/>\n\n\t\t\t\t\t\t\t<input type=\"hidden\" name=\"queried_id\" value=\"583\"\/>\n\t\t\t\n\t\t\t<div class=\"elementor-form-fields-wrapper elementor-labels-\">\n\t\t\t\t\t\t\t\t<div class=\"elementor-field-type-text elementor-field-group elementor-column elementor-field-group-name elementor-col-50 elementor-field-required\">\n\t\t\t\t\t\t\t\t\t\t\t\t<label for=\"form-field-name\" class=\"elementor-field-label elementor-screen-only\">\n\t\t\t\t\t\t\t\tIme\t\t\t\t\t\t\t<\/label>\n\t\t\t\t\t\t\t\t\t\t\t\t\t\t<input size=\"1\" type=\"text\" name=\"form_fields[name]\" id=\"form-field-name\" class=\"elementor-field elementor-size-sm  elementor-field-textual\" placeholder=\"First name*\" required=\"required\">\n\t\t\t\t\t\t\t\t\t\t\t<\/div>\n\t\t\t\t\t\t\t\t<div class=\"elementor-field-type-text elementor-field-group elementor-column elementor-field-group-field_b743cd7 elementor-col-50 elementor-field-required\">\n\t\t\t\t\t\t\t\t\t\t\t\t<label for=\"form-field-field_b743cd7\" class=\"elementor-field-label elementor-screen-only\">\n\t\t\t\t\t\t\t\tPriimek\t\t\t\t\t\t\t<\/label>\n\t\t\t\t\t\t\t\t\t\t\t\t\t\t<input size=\"1\" type=\"text\" name=\"form_fields[field_b743cd7]\" id=\"form-field-field_b743cd7\" class=\"elementor-field elementor-size-sm  elementor-field-textual\" placeholder=\"Last name*\" required=\"required\">\n\t\t\t\t\t\t\t\t\t\t\t<\/div>\n\t\t\t\t\t\t\t\t<div class=\"elementor-field-type-email elementor-field-group elementor-column elementor-field-group-email elementor-col-100 elementor-field-required\">\n\t\t\t\t\t\t\t\t\t\t\t\t<label for=\"form-field-email\" class=\"elementor-field-label elementor-screen-only\">\n\t\t\t\t\t\t\t\tE-po\u0161ta\t\t\t\t\t\t\t<\/label>\n\t\t\t\t\t\t\t\t\t\t\t\t\t\t<input size=\"1\" type=\"email\" name=\"form_fields[email]\" id=\"form-field-email\" class=\"elementor-field elementor-size-sm  elementor-field-textual\" placeholder=\"Email*\" required=\"required\">\n\t\t\t\t\t\t\t\t\t\t\t<\/div>\n\t\t\t\t\t\t\t\t<div class=\"elementor-field-type-textarea elementor-field-group elementor-column elementor-field-group-message elementor-col-100\">\n\t\t\t\t\t\t\t\t\t\t\t\t<label for=\"form-field-message\" class=\"elementor-field-label elementor-screen-only\">\n\t\t\t\t\t\t\t\tMessage\t\t\t\t\t\t\t<\/label>\n\t\t\t\t\t\t<textarea class=\"elementor-field-textual elementor-field  elementor-size-sm\" name=\"form_fields[message]\" id=\"form-field-message\" rows=\"4\" placeholder=\"Message\"><\/textarea>\t\t\t\t<\/div>\n\t\t\t\t\t\t\t\t<div class=\"elementor-field-type-acceptance elementor-field-group elementor-column elementor-field-group-field_1ec4ab5 elementor-col-100 elementor-field-required\">\n\t\t\t\t\t\t\t\t\t\t\t\t<label for=\"form-field-field_1ec4ab5\" class=\"elementor-field-label elementor-screen-only\">\n\t\t\t\t\t\t\t\tPolicy\t\t\t\t\t\t\t<\/label>\n\t\t\t\t\t\t\t\t<div class=\"elementor-field-subgroup\">\n\t\t\t<span class=\"elementor-field-option\">\n\t\t\t\t<input type=\"checkbox\" name=\"form_fields[field_1ec4ab5]\" id=\"form-field-field_1ec4ab5\" class=\"elementor-field elementor-size-sm  elementor-acceptance-field\" required=\"required\">\n\t\t\t\t<label for=\"form-field-field_1ec4ab5\">You agree to our privacy policy.<\/label>\t\t\t<\/span>\n\t\t<\/div>\n\t\t\t\t\t\t<\/div>\n\t\t\t\t\t\t\t\t<div class=\"elementor-field-group elementor-column elementor-field-type-submit elementor-col-100 e-form__buttons\">\n\t\t\t\t\t<button class=\"elementor-button elementor-size-sm elementor-animation-grow\" type=\"submit\">\n\t\t\t\t\t\t<span class=\"elementor-button-content-wrapper\">\n\t\t\t\t\t\t\t\t\t\t\t\t\t\t\t\t\t\t\t\t\t\t<span class=\"elementor-button-text\">Send<\/span>\n\t\t\t\t\t\t\t\t\t\t\t\t\t<\/span>\n\t\t\t\t\t<\/button>\n\t\t\t\t<\/div>\n\t\t\t<\/div>\n\t\t<input type=\"hidden\" name=\"trp-form-language\" value=\"en\"\/><\/form>\n\t\t\t\t\t\t<\/div>\n\t\t\t\t<\/div>\n\t\t\t\t<\/div>\n\t\t\t\t<\/div>\n\t\t\t\t<\/div>","protected":false},"excerpt":{"rendered":"<p>Sistem zaliposukcijo M\u00f6ller Medical sistem za liposukcijo zagotavlja natan\u010dno odstranjevanje ma\u0161\u010dobe, hitro okrevanje in zanesljive rezultate pri estetskih posegih. Prenesi bro\u0161uro O podjetju M\u00f6ller Medical M\u00f6ller Medical je vodilno podjetje na podro\u010dju medicinske tehnologije, znano po inovativnih re\u0161itvah za estetsko kirurgijo, intenzivno nego in druge medicinske postopke. S poudarkom na zanesljivosti, natan\u010dnosti in varnosti je [&hellip;]<\/p>","protected":false},"author":1,"featured_media":0,"parent":77,"menu_order":0,"comment_status":"closed","ping_status":"closed","template":"elementor_header_footer","meta":{"inline_featured_image":false,"_monsterinsights_skip_tracking":false,"_monsterinsights_sitenote_active":false,"_monsterinsights_sitenote_note":"","_monsterinsights_sitenote_category":0,"footnotes":""},"class_list":["post-583","page","type-page","status-publish","hentry"],"_links":{"self":[{"href":"https:\/\/www.labormed.si\/en\/wp-json\/wp\/v2\/pages\/583","targetHints":{"allow":["GET"]}}],"collection":[{"href":"https:\/\/www.labormed.si\/en\/wp-json\/wp\/v2\/pages"}],"about":[{"href":"https:\/\/www.labormed.si\/en\/wp-json\/wp\/v2\/types\/page"}],"author":[{"embeddable":true,"href":"https:\/\/www.labormed.si\/en\/wp-json\/wp\/v2\/users\/1"}],"replies":[{"embeddable":true,"href":"https:\/\/www.labormed.si\/en\/wp-json\/wp\/v2\/comments?post=583"}],"version-history":[{"count":25,"href":"https:\/\/www.labormed.si\/en\/wp-json\/wp\/v2\/pages\/583\/revisions"}],"predecessor-version":[{"id":1563,"href":"https:\/\/www.labormed.si\/en\/wp-json\/wp\/v2\/pages\/583\/revisions\/1563"}],"up":[{"embeddable":true,"href":"https:\/\/www.labormed.si\/en\/wp-json\/wp\/v2\/pages\/77"}],"wp:attachment":[{"href":"https:\/\/www.labormed.si\/en\/wp-json\/wp\/v2\/media?parent=583"}],"curies":[{"name":"wp","href":"https:\/\/api.w.org\/{rel}","templated":true}]}}